{"id":987510876,"date":"2023-08-04T09:48:22","date_gmt":"2023-08-04T07:48:22","guid":{"rendered":"https:\/\/www.relaunch-2023.factory-x.hr\/fallstudien\/"},"modified":"2025-08-01T11:58:41","modified_gmt":"2025-08-01T09:58:41","slug":"fallstudien","status":"publish","type":"page","link":"https:\/\/www.factory-x.hr\/de\/fallstudien\/","title":{"rendered":"Fallstudien"},"content":{"rendered":"<p>[et_pb_section fb_built=&#8220;1&#8243; admin_label=&#8220;Call to Action&#8220; _builder_version=&#8220;4.20.2&#8243; _module_preset=&#8220;default&#8220; module_alignment=&#8220;right&#8220; custom_margin_tablet=&#8220;||4em||false|false&#8220; custom_margin_phone=&#8220;||4em||false|false&#8220; custom_margin_last_edited=&#8220;off|desktop&#8220; saved_tabs=&#8220;all&#8220; collapsed=&#8220;on&#8220; global_colors_info=&#8220;{}&#8220;][et_pb_row _builder_version=&#8220;4.20.2&#8243; _module_preset=&#8220;default&#8220; custom_padding=&#8220;0px||||false|false&#8220; animation_style=&#8220;fade&#8220; global_colors_info=&#8220;{}&#8220;][et_pb_column type=&#8220;4_4&#8243; _builder_version=&#8220;4.18.1&#8243; _module_preset=&#8220;default&#8220; global_colors_info=&#8220;{}&#8220;][et_pb_text _builder_version=&#8220;4.25.1&#8243; _module_preset=&#8220;dc9b264d-73de-4317-b6e7-d1dce38ce452&#8243; header_text_align=&#8220;left&#8220; custom_margin=&#8220;||0px||false|false&#8220; global_colors_info=&#8220;{}&#8220;]<\/p>\n<h1>Fallstudien<\/h1>\n<p>[\/et_pb_text][et_pb_text _builder_version=&#8220;4.25.1&#8243; _module_preset=&#8220;4ddb2f0a-1334-4d3b-a887-cc8125824193&#8243; global_colors_info=&#8220;{}&#8220;]<\/p>\n<p>Erfahren Sie, wie wir komplexe Herausforderungen gel\u00f6st und herausragende Ergebnisse f\u00fcr unsere Kunden durch ma\u00dfgeschneiderte IT-L\u00f6sungen erzielt haben.<\/p>\n<p>[\/et_pb_text][\/et_pb_column][\/et_pb_row][et_pb_row _builder_version=&#8220;4.20.1&#8243; _module_preset=&#8220;default&#8220; global_colors_info=&#8220;{}&#8220;][et_pb_column type=&#8220;4_4&#8243; _builder_version=&#8220;4.18.1&#8243; _module_preset=&#8220;default&#8220; global_colors_info=&#8220;{}&#8220;][et_pb_blog post_type=&#8220;project&#8220; posts_number=&#8220;9&#8243; meta_date=&#8220;j.m.Y.&#8220; excerpt_length=&#8220;120&#8243; show_date=&#8220;off&#8220; show_categories=&#8220;off&#8220; show_pagination=&#8220;on&#8220; show_excerpt_last_edited=&#8220;off|desktop&#8220; _builder_version=&#8220;4.27.4&#8243; _module_preset=&#8220;747d56cb-d92f-4f81-bf1d-bd373e9b3645&#8243; header_level=&#8220;h2&#8243; pagination_font=&#8220;|600||on|||||&#8220; pagination_text_color=&#8220;#787f84&#8243; pagination_font_size=&#8220;0.88em&#8220; pagination_letter_spacing=&#8220;0.1em&#8220; pagination_line_height=&#8220;1em&#8220; hover_enabled=&#8220;0&#8243; header_font_size_tablet=&#8220;&#8220; header_font_size_phone=&#8220;&#8220; header_font_size_last_edited=&#8220;on|desktop&#8220; header_line_height_last_edited=&#8220;off|desktop&#8220; global_colors_info=&#8220;{}&#8220; sticky_enabled=&#8220;0&#8243;][\/et_pb_blog][\/et_pb_column][\/et_pb_row][\/et_pb_section]<\/p>\n","protected":false},"excerpt":{"rendered":"<p>FallstudienErfahren Sie, wie wir komplexe Herausforderungen gel\u00f6st und herausragende Ergebnisse f\u00fcr unsere Kunden durch ma\u00dfgeschneiderte IT-L\u00f6sungen erzielt haben.<\/p>\n","protected":false},"author":1,"featured_media":0,"parent":0,"menu_order":0,"comment_status":"closed","ping_status":"closed","template":"","meta":{"_et_pb_use_builder":"on","_et_pb_old_content":"","_et_gb_content_width":"","footnotes":""},"class_list":["post-987510876","page","type-page","status-publish","hentry"],"yoast_head":"<!-- This site is optimized with the Yoast SEO plugin v25.7 - https:\/\/yoast.com\/wordpress\/plugins\/seo\/ -->\n<title>Fallstudien | Factory X<\/title>\n<meta name=\"robots\" content=\"index, follow, max-snippet:-1, max-image-preview:large, max-video-preview:-1\" \/>\n<link rel=\"canonical\" href=\"https:\/\/www.factory-x.hr\/de\/fallstudien\/\" \/>\n<meta property=\"og:locale\" content=\"de_DE\" \/>\n<meta property=\"og:type\" content=\"article\" \/>\n<meta property=\"og:title\" content=\"Fallstudien | Factory X\" \/>\n<meta property=\"og:description\" content=\"FallstudienErfahren Sie, wie wir komplexe Herausforderungen gel\u00f6st und herausragende Ergebnisse f\u00fcr unsere Kunden durch ma\u00dfgeschneiderte IT-L\u00f6sungen erzielt haben.\" \/>\n<meta property=\"og:url\" content=\"https:\/\/www.factory-x.hr\/de\/fallstudien\/\" \/>\n<meta property=\"og:site_name\" content=\"Factory X\" \/>\n<meta property=\"article:publisher\" content=\"https:\/\/www.facebook.com\/factoryxdoo\" \/>\n<meta property=\"article:modified_time\" content=\"2025-08-01T09:58:41+00:00\" \/>\n<meta name=\"twitter:card\" content=\"summary_large_image\" \/>\n<meta name=\"twitter:label1\" content=\"Gesch\u00e4tzte Lesezeit\" \/>\n\t<meta name=\"twitter:data1\" content=\"1\u00a0Minute\" \/>\n<script type=\"application\/ld+json\" class=\"yoast-schema-graph\">{\"@context\":\"https:\/\/schema.org\",\"@graph\":[{\"@type\":\"WebPage\",\"@id\":\"https:\/\/www.factory-x.hr\/de\/fallstudien\/\",\"url\":\"https:\/\/www.factory-x.hr\/de\/fallstudien\/\",\"name\":\"Fallstudien | Factory X\",\"isPartOf\":{\"@id\":\"https:\/\/www.factory-x.hr\/de\/#website\"},\"datePublished\":\"2023-08-04T07:48:22+00:00\",\"dateModified\":\"2025-08-01T09:58:41+00:00\",\"inLanguage\":\"de\",\"potentialAction\":[{\"@type\":\"ReadAction\",\"target\":[\"https:\/\/www.factory-x.hr\/de\/fallstudien\/\"]}]},{\"@type\":\"WebSite\",\"@id\":\"https:\/\/www.factory-x.hr\/de\/#website\",\"url\":\"https:\/\/www.factory-x.hr\/de\/\",\"name\":\"Factory X\",\"description\":\"Intelligente IT-L\u00f6sungen f\u00fcr moderne Unternehmen\",\"potentialAction\":[{\"@type\":\"SearchAction\",\"target\":{\"@type\":\"EntryPoint\",\"urlTemplate\":\"https:\/\/www.factory-x.hr\/de\/?s={search_term_string}\"},\"query-input\":{\"@type\":\"PropertyValueSpecification\",\"valueRequired\":true,\"valueName\":\"search_term_string\"}}],\"inLanguage\":\"de\"}]}<\/script>\n<!-- \/ Yoast SEO plugin. -->","yoast_head_json":{"title":"Fallstudien | Factory X","robots":{"index":"index","follow":"follow","max-snippet":"max-snippet:-1","max-image-preview":"max-image-preview:large","max-video-preview":"max-video-preview:-1"},"canonical":"https:\/\/www.factory-x.hr\/de\/fallstudien\/","og_locale":"de_DE","og_type":"article","og_title":"Fallstudien | Factory X","og_description":"FallstudienErfahren Sie, wie wir komplexe Herausforderungen gel\u00f6st und herausragende Ergebnisse f\u00fcr unsere Kunden durch ma\u00dfgeschneiderte IT-L\u00f6sungen erzielt haben.","og_url":"https:\/\/www.factory-x.hr\/de\/fallstudien\/","og_site_name":"Factory X","article_publisher":"https:\/\/www.facebook.com\/factoryxdoo","article_modified_time":"2025-08-01T09:58:41+00:00","twitter_card":"summary_large_image","twitter_misc":{"Gesch\u00e4tzte Lesezeit":"1\u00a0Minute"},"schema":{"@context":"https:\/\/schema.org","@graph":[{"@type":"WebPage","@id":"https:\/\/www.factory-x.hr\/de\/fallstudien\/","url":"https:\/\/www.factory-x.hr\/de\/fallstudien\/","name":"Fallstudien | Factory X","isPartOf":{"@id":"https:\/\/www.factory-x.hr\/de\/#website"},"datePublished":"2023-08-04T07:48:22+00:00","dateModified":"2025-08-01T09:58:41+00:00","inLanguage":"de","potentialAction":[{"@type":"ReadAction","target":["https:\/\/www.factory-x.hr\/de\/fallstudien\/"]}]},{"@type":"WebSite","@id":"https:\/\/www.factory-x.hr\/de\/#website","url":"https:\/\/www.factory-x.hr\/de\/","name":"Factory X","description":"Intelligente IT-L\u00f6sungen f\u00fcr moderne Unternehmen","potentialAction":[{"@type":"SearchAction","target":{"@type":"EntryPoint","urlTemplate":"https:\/\/www.factory-x.hr\/de\/?s={search_term_string}"},"query-input":{"@type":"PropertyValueSpecification","valueRequired":true,"valueName":"search_term_string"}}],"inLanguage":"de"}]}},"_links":{"self":[{"href":"https:\/\/www.factory-x.hr\/de\/wp-json\/wp\/v2\/pages\/987510876","targetHints":{"allow":["GET"]}}],"collection":[{"href":"https:\/\/www.factory-x.hr\/de\/wp-json\/wp\/v2\/pages"}],"about":[{"href":"https:\/\/www.factory-x.hr\/de\/wp-json\/wp\/v2\/types\/page"}],"author":[{"embeddable":true,"href":"https:\/\/www.factory-x.hr\/de\/wp-json\/wp\/v2\/users\/1"}],"replies":[{"embeddable":true,"href":"https:\/\/www.factory-x.hr\/de\/wp-json\/wp\/v2\/comments?post=987510876"}],"version-history":[{"count":5,"href":"https:\/\/www.factory-x.hr\/de\/wp-json\/wp\/v2\/pages\/987510876\/revisions"}],"predecessor-version":[{"id":987513325,"href":"https:\/\/www.factory-x.hr\/de\/wp-json\/wp\/v2\/pages\/987510876\/revisions\/987513325"}],"wp:attachment":[{"href":"https:\/\/www.factory-x.hr\/de\/wp-json\/wp\/v2\/media?parent=987510876"}],"curies":[{"name":"wp","href":"https:\/\/api.w.org\/{rel}","templated":true}]}}